{"id":3909,"date":"2020-06-02T19:57:14","date_gmt":"2020-06-02T17:57:14","guid":{"rendered":"https:\/\/barnatango.com\/?page_id=3909"},"modified":"2020-07-17T17:08:55","modified_gmt":"2020-07-17T15:08:55","slug":"politica-de-cookies","status":"publish","type":"page","link":"https:\/\/barnatango.com\/ca\/politica-de-cookies\/","title":{"rendered":"Pol\u00edtica de Cookies"},"content":{"rendered":"<div class=\"vc_row wpb_row vc_row-fluid\"><div class=\"wpb_column vc_column_container vc_col-sm-12\"><div class=\"vc_column-inner\"><div class=\"wpb_wrapper\">\r\n\t<div class=\"wpb_text_column wpb_content_element\" >\r\n\t\t<div class=\"wpb_wrapper\">\r\n\t\t\t<h3 class=\"p1\"><span class=\"s1\">Pol\u00edtica de Cookies \/<\/span><\/h3>\n<div id=\"gtx-trans\" style=\"position: absolute; left: 88px; top: -6.28125px;\">\n<div class=\"gtx-trans-icon\"><\/div>\n<\/div>\n\r\n\t\t<\/div>\r\n\t<\/div>\r\n<div class=\"vc_empty_space\"   style=\"height: 32px\"><span class=\"vc_empty_space_inner\"><\/span><\/div>\r\n\t<div class=\"wpb_text_column wpb_content_element\" >\r\n\t\t<div class=\"wpb_wrapper\">\r\n\t\t\t<p>La nostra Pol\u00edtica de Cookies t\u00e9 per finalitat informar-te de forma clara i completa sobre el funcionament i la finalitat de les cookies que s&#039;utilitzen a la p\u00e0gina web\u00a0<a href=\"https:\/\/barnatango.com\/ca\/\">www.barnatango.com<\/a> (En endavant, la Plataforma). En cas que vulguis demanar m\u00e9s informaci\u00f3 sobre les cookies, pots remetre un correu electr\u00f2nic a\u00a0<a href=\"mailto:contacto@barnatango.com\">contacto@barnatango.com<\/a>.<\/p>\n\r\n\t\t<\/div>\r\n\t<\/div>\r\n<div class=\"vc_empty_space\"   style=\"height: 32px\"><span class=\"vc_empty_space_inner\"><\/span><\/div>\r\n\t<div class=\"wpb_text_column wpb_content_element\" >\r\n\t\t<div class=\"wpb_wrapper\">\r\n\t\t\t<h3 class=\"p1\"><span class=\"s1\">galetes\u00a0<\/span><\/h3>\n<div id=\"gtx-trans\" style=\"position: absolute; left: 31px; top: 43.7188px;\">\n<div class=\"gtx-trans-icon\"><\/div>\n<\/div>\n\r\n\t\t<\/div>\r\n\t<\/div>\r\n<div class=\"vc_empty_space\"   style=\"height: 32px\"><span class=\"vc_empty_space_inner\"><\/span><\/div>\r\n\t<div class=\"wpb_text_column wpb_content_element\" >\r\n\t\t<div class=\"wpb_wrapper\">\r\n\t\t\t<p>Una cookie es un archivo que se descarga en tu equipo terminal\/dispositivo (ordenador o equipo m\u00f3vil) con la finalidad de almacenar datos que podr\u00e1n ser actualizados y recuperados por la entidad responsable de su instalaci\u00f3n. Nuestra Plataforma utiliza \u00abcookies\u00bb con la finalidad de poder recabar informaci\u00f3n acerca de su funcionamiento y uso de los usuarios.<\/p>\n<p>Nosaltres no emmagatzemem informaci\u00f3 sensible d&#039;identificaci\u00f3 personal com la teva adre\u00e7a, contrasenya, les dades de la teva targeta de cr\u00e8dit o d\u00e8bit, etc. en les galetes que utilitzem.<\/p>\n\r\n\t\t<\/div>\r\n\t<\/div>\r\n<div class=\"vc_empty_space\"   style=\"height: 32px\"><span class=\"vc_empty_space_inner\"><\/span><\/div>\r\n\t<div class=\"wpb_text_column wpb_content_element\" >\r\n\t\t<div class=\"wpb_wrapper\">\r\n\t\t\t<h3 class=\"p1\"><span class=\"s1\">finalitat\u00a0<\/span><\/h3>\n<div id=\"gtx-trans\" style=\"position: absolute; left: 52px; top: -6.28125px;\">\n<div class=\"gtx-trans-icon\"><\/div>\n<\/div>\n\r\n\t\t<\/div>\r\n\t<\/div>\r\n<div class=\"vc_empty_space\"   style=\"height: 32px\"><span class=\"vc_empty_space_inner\"><\/span><\/div>\r\n\t<div class=\"wpb_text_column wpb_content_element\" >\r\n\t\t<div class=\"wpb_wrapper\">\r\n\t\t\t<p>Les galetes poden demanar informaci\u00f3 sobre les teves visites a la nostra Plataforma, la freq\u00fc\u00e8ncia i durada d&#039;aquestes, les p\u00e0gines visionades i el temps que has estat en la nostra Plataforma. T&#039;informem que podem utilitzar cookies amb la finalitat de:<\/p>\n<ul>\n<li>identificar problemes per millorar la nostra Plataforma<\/li>\n<li>facilitar la teva navegaci\u00f3 en la nostra Plataforma<\/li>\n<li>proporcionar-te una millor experi\u00e8ncia en el seu \u00fas<\/li>\n<li>distingir-te altres usuaris<\/li>\n<\/ul>\n<p>Aix\u00ed mateix, sol\u00b7licitem el teu consentiment per utilitzar cookies que ens permetin obtenir m\u00e9s informaci\u00f3 sobre les teves prefer\u00e8ncies i personalitzar la nostra Plataforma per ajustar-la als seus interessos.<\/p>\n\r\n\t\t<\/div>\r\n\t<\/div>\r\n<div class=\"vc_empty_space\"   style=\"height: 32px\"><span class=\"vc_empty_space_inner\"><\/span><\/div>\r\n\t<div class=\"wpb_text_column wpb_content_element\" >\r\n\t\t<div class=\"wpb_wrapper\">\r\n\t\t\t<h3 class=\"p1\"><span class=\"s1\">Classe de Cookies\u00a0<\/span><\/h3>\n<div id=\"gtx-trans\" style=\"position: absolute; left: 65px; top: -6.28125px;\">\n<div class=\"gtx-trans-icon\"><\/div>\n<\/div>\n\r\n\t\t<\/div>\r\n\t<\/div>\r\n<div class=\"vc_empty_space\"   style=\"height: 32px\"><span class=\"vc_empty_space_inner\"><\/span><\/div>\r\n\t<div class=\"wpb_text_column wpb_content_element\" >\r\n\t\t<div class=\"wpb_wrapper\">\r\n\t\t\t<p>La nostra Plataforma utilitza cookies pr\u00f2pies i de tercers amb diferents finalitats, concretament:<\/p>\n<p>&nbsp;<\/p>\n<p><strong>galetes pr\u00f2pies<\/strong><\/p>\n<p>S\u00f3n enviades al teu ordinador i gestionades exclusivament per nosaltres per al millor funcionament de la Plataforma. Aquestes galetes romanen al navegador i ens permeten identificar-te com a usuari recurrent de la Plataforma, controlar la sessi\u00f3 d&#039;usuari, recordar la configuraci\u00f3 de les galetes, recon\u00e8ixer-te com a usuari en cas de realitzar tr\u00e0mits d&#039;identificaci\u00f3 i personalitzar el teu contingut per oferir-te continguts adequats a les teves prefer\u00e8ncies (galetes de personalitzaci\u00f3).<\/p>\n<p>&nbsp;<\/p>\n<p><strong>Galetes de tercers<\/strong><\/p>\n<p>Les galetes de tercers s\u00f3n aquelles establertes per un domini diferent de la nostra Plataforma. A la nostra Plataforma utilitzem dos tipus de galetes de tercers:<\/p>\n<p>&nbsp;<\/p>\n<ul>\n<li>Galetes T\u00e8cniques: Et permeten navegar a trav\u00e9s de la Plataforma i utilitzar els serveis en ella disponibles com, per exemple, controlar la comunicaci\u00f3 de dades, realitzar una compra, emmagatzemar continguts, personalitzar l&#039;idioma i la moneda, els tests de comprovaci\u00f3 de format, compartir continguts a trav\u00e9s de xarxes socials d&#039;acord amb els interessos de l&#039;usuari, accelerar la c\u00e0rrega de la p\u00e0gina, etc., com ara Custora, Olark, Facebook, CloudFlare, Visual Website Optimizer.<\/li>\n<li>Galetes Anal\u00edtiques: Fem servir Google Analytics, una eina d&#039;an\u00e0lisi web de Google que ens permet informar-nos sobre com interactuen els usuaris de la nostra Plataforma. Aix\u00ed mateix, habilita galetes per saber des de quin p\u00e0gina ha accedit l&#039;usuari i les utilitza per recopilar informaci\u00f3 de manera an\u00f2nima i elaborar informes de tend\u00e8ncies de la Plataforma sense identificar a usuaris individuals. Pots consultar m\u00e9s informaci\u00f3 sobre les cookies de Google Analytics i el seu funcionament en el lloc web de:\u00a0<a href=\"https:\/\/developers.google.com\/analytics\/devguides\/collection\/analyticsjs\/cookie-usage?hl=es\" target=\"blank\" rel=\"noopener noreferrer\">developers.google.com\/analytics\/devguides\/collection\/analyticsjs\/cookie-usage<\/a><\/li>\n<\/ul>\n\r\n\t\t<\/div>\r\n\t<\/div>\r\n<div class=\"vc_empty_space\"   style=\"height: 32px\"><span class=\"vc_empty_space_inner\"><\/span><\/div>\r\n\t<div class=\"wpb_text_column wpb_content_element\" >\r\n\t\t<div class=\"wpb_wrapper\">\r\n\t\t\t<h3 class=\"p1\"><span class=\"s1\">consentiment<\/span><\/h3>\n<div id=\"gtx-trans\" style=\"position: absolute; left: 96px; top: 43.7188px;\">\n<div class=\"gtx-trans-icon\"><\/div>\n<\/div>\n\r\n\t\t<\/div>\r\n\t<\/div>\r\n<div class=\"vc_empty_space\"   style=\"height: 32px\"><span class=\"vc_empty_space_inner\"><\/span><\/div>\r\n\t<div class=\"wpb_text_column wpb_content_element\" >\r\n\t\t<div class=\"wpb_wrapper\">\r\n\t\t\t<p>A l&#039;navegar i continuar en la nostra Plataforma, estar\u00e0s consentint l&#039;\u00fas de les galetes per a poder enunciades en les condicions contingudes en la present Pol\u00edtica de Galetes.<\/p>\n<p>T&#039;informem que at\u00e8s que les galetes no s\u00f3n necess\u00e0ries per a l&#039;\u00fas de la nostra Plataforma, pots bloquejar-o deshabilitar a trav\u00e9s de la configuraci\u00f3 del teu navegador. Si les bloqueges o deshabilitas podr\u00e0s seguir utilitzant la nostra Plataforma, encara que l&#039;\u00fas d&#039;alguns dels seus serveis podr\u00e0 ser limitat i per tant la teva experi\u00e8ncia a la nostra Plataforma menys satisfact\u00f2ria.<\/p>\n<p>Si vols revocar el teu consentiment informat respecte a la nostra pol\u00edtica de cookies, haur\u00e0s eliminar-les en el teu dispositiu a trav\u00e9s de la configuraci\u00f3 de les teves navegadors d&#039;internet. Aquests s\u00f3n els enlla\u00e7os dels diferents navegadors que informen sobre les galetes:<\/p>\n\r\n\t\t<\/div>\r\n\t<\/div>\r\n<div class=\"vc_empty_space\"   style=\"height: 32px\"><span class=\"vc_empty_space_inner\"><\/span><\/div>\r\n\t<div class=\"wpb_text_column wpb_content_element\" >\r\n\t\t<div class=\"wpb_wrapper\">\r\n\t\t\t<p>Firefox:\u00a0<a href=\"https:\/\/www.mozilla.org\/es-ES\/privacy\/websites\/\" target=\"blank\" rel=\"noopener noreferrer\">https:\/\/www.mozilla.org\/es-ES\/privacy\/websites\/<\/a><\/p>\n<p>Chrome:\u00a0<a href=\"http:\/\/support.google.com\/chrome\/bin\/answer.py?hl=es&amp;answer=95647\" target=\"blank\" rel=\"noopener noreferrer\">http:\/\/support.google.com\/chrome\/bin\/answer.py?hl=es&amp;answer=95647<\/a><\/p>\n<p>Explorer:\u00a0<a href=\"http:\/\/windows.microsoft.com\/es-es\/windows7\/how-to-manage-cookies-in-internet-explorer-9\" target=\"blank\" rel=\"noopener noreferrer\">http:\/\/windows.microsoft.com\/es-es\/windows7\/how-to-manage-cookies-in-internet-explorer-9<\/a><\/p>\n<p>safari:\u00a0<a href=\"http:\/\/support.apple.com\/kb\/ph5042\" target=\"blank\" rel=\"noopener noreferrer\">http:\/\/support.apple.com\/kb\/ph5042<\/a><\/p>\n<p>opera:\u00a0<a href=\"http:\/\/help.opera.com\/Windows\/11.50\/es-ES\/cookies.html\" target=\"blank\" rel=\"noopener noreferrer\">http:\/\/help.opera.com\/Windows\/11.50\/es-ES\/cookies.html<\/a><\/p>\n\r\n\t\t<\/div>\r\n\t<\/div>\r\n<div class=\"vc_empty_space\"   style=\"height: 32px\"><span class=\"vc_empty_space_inner\"><\/span><\/div>\r\n\t<div class=\"wpb_text_column wpb_content_element\" >\r\n\t\t<div class=\"wpb_wrapper\">\r\n\t\t\t<p>Et recomanem revisar aquesta pol\u00edtica cada vegada que accedeixis a la nostra Plataforma amb l&#039;objectiu d&#039;estar adequadament informat sobre possibles canvis.<\/p>\n\r\n\t\t<\/div>\r\n\t<\/div>\r\n<div class=\"vc_empty_space\"   style=\"height: 32px\"><span class=\"vc_empty_space_inner\"><\/span><\/div><\/div><\/div><\/div><\/div>","protected":false},"excerpt":{"rendered":"Pol\u00edtica de Cookies \/ Nuestra Pol\u00edtica de Cookies tiene por finalidad informarte de forma clara y completa sobre el funcionamiento y la finalidad de las cookies que se utilizan en la p\u00e1gina web\u00a0www.barnatango.com (en adelante, la Plataforma). En caso de que quieras recabar m\u00e1s informaci\u00f3n sobre las cookies, puedes remitir ... <a title=\"Pol\u00edtica de Cookies\" class=\"read-more\" href=\"https:\/\/barnatango.com\/ca\/politica-de-cookies\/\" aria-label=\"M\u00e9s sobre Pol\u00edtica de Cookies\">Llegiu m\u00e9s<\/a>","protected":false},"author":5,"featured_media":0,"parent":0,"menu_order":0,"comment_status":"closed","ping_status":"closed","template":"","meta":{"_editorskit_title_hidden":false,"_editorskit_reading_time":0,"_editorskit_is_block_options_detached":false,"_editorskit_block_options_position":"{}","footnotes":""},"acf":[],"yoast_head":"<!-- This site is optimized with the Yoast SEO plugin v23.4 - https:\/\/yoast.com\/wordpress\/plugins\/seo\/ -->\n<title>Pol\u00edtica de Cookies - Barnatango.com<\/title>\n<meta name=\"robots\" content=\"index, follow, max-snippet:-1, max-image-preview:large, max-video-preview:-1\" \/>\n<link rel=\"canonical\" href=\"https:\/\/barnatango.com\/ca\/politica-de-cookies\/\" \/>\n<meta property=\"og:locale\" content=\"ca_ES\" \/>\n<meta property=\"og:type\" content=\"article\" \/>\n<meta property=\"og:title\" content=\"Pol\u00edtica de Cookies - Barnatango.com\" \/>\n<meta property=\"og:url\" content=\"https:\/\/barnatango.com\/ca\/politica-de-cookies\/\" \/>\n<meta property=\"og:site_name\" content=\"Barnatango.com\" \/>\n<meta property=\"article:publisher\" content=\"https:\/\/es-es.facebook.com\/escuela.tango.el.desbande\/\" \/>\n<meta property=\"article:modified_time\" content=\"2020-07-17T15:08:55+00:00\" \/>\n<meta name=\"twitter:card\" content=\"summary_large_image\" \/>\n<meta name=\"twitter:label1\" content=\"Temps estimat de lectura\" \/>\n\t<meta name=\"twitter:data1\" content=\"5 minuts\" \/>\n<!-- \/ Yoast SEO plugin. -->","yoast_head_json":{"title":"Pol\u00edtica de Cookies - Barnatango.com","robots":{"index":"index","follow":"follow","max-snippet":"max-snippet:-1","max-image-preview":"max-image-preview:large","max-video-preview":"max-video-preview:-1"},"canonical":"https:\/\/barnatango.com\/ca\/politica-de-cookies\/","og_locale":"ca_ES","og_type":"article","og_title":"Pol\u00edtica de Cookies - Barnatango.com","og_url":"https:\/\/barnatango.com\/ca\/politica-de-cookies\/","og_site_name":"Barnatango.com","article_publisher":"https:\/\/es-es.facebook.com\/escuela.tango.el.desbande\/","article_modified_time":"2020-07-17T15:08:55+00:00","twitter_card":"summary_large_image","twitter_misc":{"Temps estimat de lectura":"5 minuts"},"schema":{"@context":"https:\/\/schema.org","@graph":[{"@type":"WebPage","@id":"https:\/\/barnatango.com\/politica-de-cookies\/","url":"https:\/\/barnatango.com\/politica-de-cookies\/","name":"Pol\u00edtica de Cookies - Barnatango.com","isPartOf":{"@id":"https:\/\/barnatango.com\/#website"},"datePublished":"2020-06-02T17:57:14+00:00","dateModified":"2020-07-17T15:08:55+00:00","breadcrumb":{"@id":"https:\/\/barnatango.com\/politica-de-cookies\/#breadcrumb"},"inLanguage":"ca","potentialAction":[{"@type":"ReadAction","target":["https:\/\/barnatango.com\/politica-de-cookies\/"]}]},{"@type":"BreadcrumbList","@id":"https:\/\/barnatango.com\/politica-de-cookies\/#breadcrumb","itemListElement":[{"@type":"ListItem","position":1,"name":"Inicio","item":"https:\/\/barnatango.com\/"},{"@type":"ListItem","position":2,"name":"Pol\u00edtica de Cookies"}]},{"@type":"WebSite","@id":"https:\/\/barnatango.com\/#website","url":"https:\/\/barnatango.com\/","name":"Barnatango.com","description":"Classes de Tango a Barcelona","publisher":{"@id":"https:\/\/barnatango.com\/#organization"},"potentialAction":[{"@type":"SearchAction","target":{"@type":"EntryPoint","urlTemplate":"https:\/\/barnatango.com\/?s={search_term_string}"},"query-input":{"@type":"PropertyValueSpecification","valueRequired":true,"valueName":"search_term_string"}}],"inLanguage":"ca"},{"@type":"Organization","@id":"https:\/\/barnatango.com\/#organization","name":"El Desbande Escuela de Tango","url":"https:\/\/barnatango.com\/","logo":{"@type":"ImageObject","inLanguage":"ca","@id":"https:\/\/barnatango.com\/#\/schema\/logo\/image\/","url":"https:\/\/barnatango.com\/wp-content\/uploads\/2020\/04\/eldesbande_vred.png","contentUrl":"https:\/\/barnatango.com\/wp-content\/uploads\/2020\/04\/eldesbande_vred.png","width":156,"height":149,"caption":"El Desbande Escuela de Tango"},"image":{"@id":"https:\/\/barnatango.com\/#\/schema\/logo\/image\/"},"sameAs":["https:\/\/es-es.facebook.com\/escuela.tango.el.desbande\/","https:\/\/www.instagram.com\/tangodesbande\/?hl=es","https:\/\/www.youtube.com\/watch?v=DqMQpDEmSVs&amp;amp;amp;amp;t=7s"]}]}},"_links":{"self":[{"href":"https:\/\/barnatango.com\/ca\/wp-json\/wp\/v2\/pages\/3909"}],"collection":[{"href":"https:\/\/barnatango.com\/ca\/wp-json\/wp\/v2\/pages"}],"about":[{"href":"https:\/\/barnatango.com\/ca\/wp-json\/wp\/v2\/types\/page"}],"author":[{"embeddable":true,"href":"https:\/\/barnatango.com\/ca\/wp-json\/wp\/v2\/users\/5"}],"replies":[{"embeddable":true,"href":"https:\/\/barnatango.com\/ca\/wp-json\/wp\/v2\/comments?post=3909"}],"version-history":[{"count":0,"href":"https:\/\/barnatango.com\/ca\/wp-json\/wp\/v2\/pages\/3909\/revisions"}],"wp:attachment":[{"href":"https:\/\/barnatango.com\/ca\/wp-json\/wp\/v2\/media?parent=3909"}],"curies":[{"name":"wp","href":"https:\/\/api.w.org\/{rel}","templated":true}]}}