{"id":3955,"date":"2020-07-17T16:12:00","date_gmt":"2020-07-17T14:12:00","guid":{"rendered":"https:\/\/barnatango.com\/?page_id=3955"},"modified":"2020-07-17T16:14:28","modified_gmt":"2020-07-17T14:14:28","slug":"normas-y-condiciones","status":"publish","type":"page","link":"https:\/\/barnatango.com\/ca\/normas-y-condiciones\/","title":{"rendered":"Normes i condicions de l&#039;escola"},"content":{"rendered":"<div class=\"vc_row wpb_row vc_row-fluid\"><div class=\"wpb_column vc_column_container vc_col-sm-12\"><div class=\"vc_column-inner\"><div class=\"wpb_wrapper\"><div class=\"vc_empty_space\"   style=\"height: 32px\"><span class=\"vc_empty_space_inner\"><\/span><\/div>\r\n\t<div class=\"wpb_text_column wpb_content_element\" >\r\n\t\t<div class=\"wpb_wrapper\">\r\n\t\t\t<h3 class=\"p1\"><strong><span class=\"s1\">Normes i Condicions \/<\/span><\/strong><\/h3>\n<div id=\"gtx-trans\" style=\"position: absolute; left: 68px; top: -6.28125px;\">\n<div class=\"gtx-trans-icon\"><\/div>\n<\/div>\n\r\n\t\t<\/div>\r\n\t<\/div>\r\n<div class=\"vc_empty_space\"   style=\"height: 32px\"><span class=\"vc_empty_space_inner\"><\/span><\/div>\r\n\t<div class=\"wpb_text_column wpb_content_element\" >\r\n\t\t<div class=\"wpb_wrapper\">\r\n\t\t\t<p>P<span class=\"s1\">er al bon funcionament dels grups i de les relacions professor-alumne, considerem indispensable establir una s\u00e8rie de normes b\u00e0siques. Estem agra\u00efts per la vostra comprensi\u00f3 i col\u00b7laboraci\u00f3.<\/span><\/p>\n<div id=\"gtx-trans\" style=\"position: absolute; left: 390px; top: 38px;\">\n<div class=\"gtx-trans-icon\"><\/div>\n<\/div>\n\r\n\t\t<\/div>\r\n\t<\/div>\r\n<div class=\"vc_empty_space\"   style=\"height: 27px\"><span class=\"vc_empty_space_inner\"><\/span><\/div>\r\n\t<div class=\"wpb_text_column wpb_content_element\" >\r\n\t\t<div class=\"wpb_wrapper\">\r\n\t\t\t<h3 class=\"p1\"><span class=\"s1\">condicions<\/span><\/h3>\n\r\n\t\t<\/div>\r\n\t<\/div>\r\n<div class=\"vc_empty_space\"   style=\"height: 12px\"><span class=\"vc_empty_space_inner\"><\/span><\/div>\r\n\t<div class=\"wpb_text_column wpb_content_element\" >\r\n\t\t<div class=\"wpb_wrapper\">\r\n\t\t\t<p><span class=\"s1\"><b>nivell 0<\/b><\/span><\/p>\n<ul>\n<li class=\"p2\"><span class=\"s1\">No cal pagar matr\u00edcula, per\u00edode m\u00ednim d&#039;inscripci\u00f3 3 mesos. El pagament es fa el primer dia de classe.<\/span><\/li>\n<li class=\"p2\"><span class=\"s1\">M\u00e0xim de 6 mesos en aquest nivell. No cal inscriure en parella.<\/span><\/li>\n<li class=\"p2\"><span class=\"s1\">Pots recuperar les classes perdudes, en qualsevol horari del teu nivell.<\/span><\/li>\n<li class=\"p2\"><span class=\"s1\">Per poder coordinar el balanceig de la classes i recuperar les mateixes, \u00e9s obligatori comunicar les faltes d&#039;assist\u00e8ncia amb antelaci\u00f3 per WhatsApp\u00a0 <\/span><span class=\"s1\">a l&#039;635 80 33 75, o per correu electr\u00f2nic a\u00a0<a href=\"mailto:eldesbande@gmail.com\"><span class=\"s2\">eldesbande@gmail.com.<\/span><\/a><\/span><\/li>\n<li class=\"p2\"><span class=\"s1\">Aportaci\u00f3 alumne milonga dels divendres 6 \u20ac (Socis).<\/span><\/li>\n<li class=\"p2\"><span class=\"s1\">Pots incorporar-te un cop comen\u00e7at el trimestre, pr\u00e8via consulta, correu electr\u00f2nic contacto@barnatango.com o truca a l&#039;635803375 i t&#039;assessorarem<\/span><span class=\"s1\">.<\/span><\/li>\n<li class=\"p2\"><span class=\"s1\">Inclou setmanalment la classe de T\u00e8cnica per a tots els nivells dimarts 19 a 20h i la classe de canvi de rols, dijous 19 a 20h (a partir de la 5 setmana de classes).<\/span><\/li>\n<\/ul>\n\r\n\t\t<\/div>\r\n\t<\/div>\r\n<div class=\"vc_empty_space\"   style=\"height: 32px\"><span class=\"vc_empty_space_inner\"><\/span><\/div>\r\n\t<div class=\"wpb_text_column wpb_content_element\" >\r\n\t\t<div class=\"wpb_wrapper\">\r\n\t\t\t<p class=\"p1\"><span class=\"s1\"><strong>Ofertes Exclusives per nivell 0<\/strong> <\/span><\/p>\n<ul>\n<li class=\"p1\"><span class=\"s1\">aportacions trimestrals<\/span><\/li>\n<li class=\"p1\"><span class=\"s1\">120 \u20ac individual <\/span><\/li>\n<li class=\"p1\"><span class=\"s1\">180 \u20ac parella <\/span><\/li>\n<li class=\"p1\"><span class=\"s1\">Carnet d&#039;estudiant 2 \u00d7 1 per a parelles <\/span><\/li>\n<li class=\"p1\"><span class=\"s1\">Homes o l\u00edders fins a 3 classes per setmana pel mateix preu <\/span><\/li>\n<li class=\"p1\"><span class=\"s1\">Preu pack totes les pr\u00e0ctiques dissabtes (2 x mes): per 15 \u20ac mes <\/span><\/li>\n<\/ul>\n\r\n\t\t<\/div>\r\n\t<\/div>\r\n<div class=\"vc_empty_space\"   style=\"height: 32px\"><span class=\"vc_empty_space_inner\"><\/span><\/div>\r\n\t<div class=\"wpb_text_column wpb_content_element\" >\r\n\t\t<div class=\"wpb_wrapper\">\r\n\t\t\t<p class=\"p1\"><span class=\"s1\"><b>altres Nivells <\/b><\/span><\/p>\n<ul>\n<li class=\"p1\"><span class=\"s1\">No cal pagar matr\u00edcula, per\u00edode m\u00ednim d&#039;inscripci\u00f3 3 mesos. El pagament s&#039;efectu\u00e9s<span class=\"Apple-converted-space\">\u00a0 <\/span>el primer dia de classe.<\/span><\/li>\n<li class=\"p1\"><span class=\"s1\">M\u00e0xim de 6 mesos en aquest nivell. No cal inscriure en parella.<\/span><\/li>\n<li class=\"p1\"><span class=\"s1\">Pots recuperar les classes perdudes, en qualsevol horari del teu nivell.<\/span><\/li>\n<li class=\"p1\"><span class=\"s1\">Per poder coordinar el balanceig de la classes i recuperar les mateixes, \u00e9s obligatori comunicar les faltes d&#039;assist\u00e8ncia amb antelaci\u00f3 per WhatsApp a l&#039;<span class=\"Apple-converted-space\">\u00a0 <\/span>635 80 33 75, o per correu electr\u00f2nic a eldesbande@gmail.com <\/span><span class=\"s2\">link <\/span><\/li>\n<li class=\"p1\"><span class=\"s1\">Preu alumne milonga dels divendres 6 \u20ac<\/span><\/li>\n<li class=\"p1\"><span class=\"s1\">Pots incorporar-te un cop comen\u00e7at el trimestre, pr\u00e8via consulta, correu electr\u00f2nic contacto@barnatango.com o truca a l&#039;635803375 i t&#039;assessorarem.<\/span><\/li>\n<li class=\"p1\"><span class=\"s1\">Inclou setmanalment la classe de T\u00e8cnica per a tots els nivells dimarts 19 a 20h i la classe de canvi de rols, dijous 19 a 20h (a partir de la 5 setmana de classes) posar-ho el primer.<\/span><\/li>\n<\/ul>\n\r\n\t\t<\/div>\r\n\t<\/div>\r\n<div class=\"vc_empty_space\"   style=\"height: 32px\"><span class=\"vc_empty_space_inner\"><\/span><\/div>\r\n\t<div class=\"wpb_text_column wpb_content_element\" >\r\n\t\t<div class=\"wpb_wrapper\">\r\n\t\t\t<p class=\"p1\"><span class=\"s1\"><strong>condicions<\/strong> <\/span><\/p>\n<ul>\n<li class=\"p1\"><span class=\"s1\">Aportaci\u00f3 Trimestral: 120 \u20ac per persona, 200 \u20ac per parella <\/span><\/li>\n<li class=\"p1\"><span class=\"s1\">Homes o l\u00edders fins a 3 classes per setmana pel mateix preu <\/span><\/li>\n<li class=\"p1\"><span class=\"s1\">Preu pack totes les pr\u00e0ctiques dissabtes (2 x mes): per 15 \u20ac mes<\/span><\/li>\n<\/ul>\n\r\n\t\t<\/div>\r\n\t<\/div>\r\n<div class=\"vc_empty_space\"   style=\"height: 32px\"><span class=\"vc_empty_space_inner\"><\/span><\/div>\r\n\t<div class=\"wpb_text_column wpb_content_element\" >\r\n\t\t<div class=\"wpb_wrapper\">\r\n\t\t\t<p class=\"p1\"><a href=\"https:\/\/barnatango.com\/ca\/ven-a-una-clase-de-prueba\/\"><span class=\"s1\"><strong>Classe de prova &gt;&gt;<\/strong><\/span><\/a><\/p>\n<p>&nbsp;<\/p>\n\r\n\t\t<\/div>\r\n\t<\/div>\r\n<div class=\"vc_empty_space\"   style=\"height: 32px\"><span class=\"vc_empty_space_inner\"><\/span><\/div><\/div><\/div><\/div><\/div>","protected":false},"excerpt":{"rendered":"Normas y Condiciones \/ Para el buen funcionamiento de los grupos y de las relaciones profesor-alumno, consideramos indispensable establecer una serie de normas b\u00e1sicas. Estamos agradecidos por vuestra comprensi\u00f3n y colaboraci\u00f3n. Condiciones Nivel 0 No es necesario pagar matr\u00edcula, per\u00edodo m\u00ednimo de inscripci\u00f3n 3 meses. El pago se efectuara\u00a0\u00a0el primer ... <a title=\"Normes i condicions de l&#039;escola\" class=\"read-more\" href=\"https:\/\/barnatango.com\/ca\/normas-y-condiciones\/\" aria-label=\"M\u00e9s sobre Normas y condiciones de la escuela\">Llegiu m\u00e9s<\/a>","protected":false},"author":5,"featured_media":3815,"parent":0,"menu_order":0,"comment_status":"closed","ping_status":"closed","template":"","meta":{"_editorskit_title_hidden":false,"_editorskit_reading_time":0,"_editorskit_is_block_options_detached":false,"_editorskit_block_options_position":"{}","footnotes":""},"acf":[],"yoast_head":"<!-- This site is optimized with the Yoast SEO plugin v23.4 - https:\/\/yoast.com\/wordpress\/plugins\/seo\/ -->\n<title>Normas y condiciones de la escuela - Barnatango.com<\/title>\n<meta name=\"robots\" content=\"index, follow, max-snippet:-1, max-image-preview:large, max-video-preview:-1\" \/>\n<link rel=\"canonical\" href=\"https:\/\/barnatango.com\/ca\/normas-y-condiciones\/\" \/>\n<meta property=\"og:locale\" content=\"ca_ES\" \/>\n<meta property=\"og:type\" content=\"article\" \/>\n<meta property=\"og:title\" content=\"Normas y condiciones de la escuela - Barnatango.com\" \/>\n<meta property=\"og:url\" content=\"https:\/\/barnatango.com\/ca\/normas-y-condiciones\/\" \/>\n<meta property=\"og:site_name\" content=\"Barnatango.com\" \/>\n<meta property=\"article:publisher\" content=\"https:\/\/es-es.facebook.com\/escuela.tango.el.desbande\/\" \/>\n<meta property=\"article:modified_time\" content=\"2020-07-17T14:14:28+00:00\" \/>\n<meta property=\"og:image\" content=\"https:\/\/barnatango.com\/wp-content\/uploads\/2020\/04\/1300x802_imgdes-polprivacidad.jpg\" \/>\n\t<meta property=\"og:image:width\" content=\"1300\" \/>\n\t<meta property=\"og:image:height\" content=\"802\" \/>\n\t<meta property=\"og:image:type\" content=\"image\/jpeg\" \/>\n<meta name=\"twitter:card\" content=\"summary_large_image\" \/>\n<meta name=\"twitter:label1\" content=\"Temps estimat de lectura\" \/>\n\t<meta name=\"twitter:data1\" content=\"3 minuts\" \/>\n<!-- \/ Yoast SEO plugin. -->","yoast_head_json":{"title":"Normas y condiciones de la escuela - Barnatango.com","robots":{"index":"index","follow":"follow","max-snippet":"max-snippet:-1","max-image-preview":"max-image-preview:large","max-video-preview":"max-video-preview:-1"},"canonical":"https:\/\/barnatango.com\/ca\/normas-y-condiciones\/","og_locale":"ca_ES","og_type":"article","og_title":"Normas y condiciones de la escuela - Barnatango.com","og_url":"https:\/\/barnatango.com\/ca\/normas-y-condiciones\/","og_site_name":"Barnatango.com","article_publisher":"https:\/\/es-es.facebook.com\/escuela.tango.el.desbande\/","article_modified_time":"2020-07-17T14:14:28+00:00","og_image":[{"width":1300,"height":802,"url":"https:\/\/barnatango.com\/wp-content\/uploads\/2020\/04\/1300x802_imgdes-polprivacidad.jpg","type":"image\/jpeg"}],"twitter_card":"summary_large_image","twitter_misc":{"Temps estimat de lectura":"3 minuts"},"schema":{"@context":"https:\/\/schema.org","@graph":[{"@type":"WebPage","@id":"https:\/\/barnatango.com\/normas-y-condiciones\/","url":"https:\/\/barnatango.com\/normas-y-condiciones\/","name":"Normas y condiciones de la escuela - Barnatango.com","isPartOf":{"@id":"https:\/\/barnatango.com\/#website"},"primaryImageOfPage":{"@id":"https:\/\/barnatango.com\/normas-y-condiciones\/#primaryimage"},"image":{"@id":"https:\/\/barnatango.com\/normas-y-condiciones\/#primaryimage"},"thumbnailUrl":"https:\/\/barnatango.com\/wp-content\/uploads\/2020\/04\/1300x802_imgdes-polprivacidad.jpg","datePublished":"2020-07-17T14:12:00+00:00","dateModified":"2020-07-17T14:14:28+00:00","breadcrumb":{"@id":"https:\/\/barnatango.com\/normas-y-condiciones\/#breadcrumb"},"inLanguage":"ca","potentialAction":[{"@type":"ReadAction","target":["https:\/\/barnatango.com\/normas-y-condiciones\/"]}]},{"@type":"ImageObject","inLanguage":"ca","@id":"https:\/\/barnatango.com\/normas-y-condiciones\/#primaryimage","url":"https:\/\/barnatango.com\/wp-content\/uploads\/2020\/04\/1300x802_imgdes-polprivacidad.jpg","contentUrl":"https:\/\/barnatango.com\/wp-content\/uploads\/2020\/04\/1300x802_imgdes-polprivacidad.jpg","width":1300,"height":802,"caption":"Pol\u00edtica de privacidad - Tango Desbande"},{"@type":"BreadcrumbList","@id":"https:\/\/barnatango.com\/normas-y-condiciones\/#breadcrumb","itemListElement":[{"@type":"ListItem","position":1,"name":"Inicio","item":"https:\/\/barnatango.com\/"},{"@type":"ListItem","position":2,"name":"Normas y condiciones de la escuela"}]},{"@type":"WebSite","@id":"https:\/\/barnatango.com\/#website","url":"https:\/\/barnatango.com\/","name":"Barnatango.com","description":"Classes de Tango a Barcelona","publisher":{"@id":"https:\/\/barnatango.com\/#organization"},"potentialAction":[{"@type":"SearchAction","target":{"@type":"EntryPoint","urlTemplate":"https:\/\/barnatango.com\/?s={search_term_string}"},"query-input":{"@type":"PropertyValueSpecification","valueRequired":true,"valueName":"search_term_string"}}],"inLanguage":"ca"},{"@type":"Organization","@id":"https:\/\/barnatango.com\/#organization","name":"El Desbande Escuela de Tango","url":"https:\/\/barnatango.com\/","logo":{"@type":"ImageObject","inLanguage":"ca","@id":"https:\/\/barnatango.com\/#\/schema\/logo\/image\/","url":"https:\/\/barnatango.com\/wp-content\/uploads\/2020\/04\/eldesbande_vred.png","contentUrl":"https:\/\/barnatango.com\/wp-content\/uploads\/2020\/04\/eldesbande_vred.png","width":156,"height":149,"caption":"El Desbande Escuela de Tango"},"image":{"@id":"https:\/\/barnatango.com\/#\/schema\/logo\/image\/"},"sameAs":["https:\/\/es-es.facebook.com\/escuela.tango.el.desbande\/","https:\/\/www.instagram.com\/tangodesbande\/?hl=es","https:\/\/www.youtube.com\/watch?v=DqMQpDEmSVs&amp;amp;amp;amp;t=7s"]}]}},"_links":{"self":[{"href":"https:\/\/barnatango.com\/ca\/wp-json\/wp\/v2\/pages\/3955"}],"collection":[{"href":"https:\/\/barnatango.com\/ca\/wp-json\/wp\/v2\/pages"}],"about":[{"href":"https:\/\/barnatango.com\/ca\/wp-json\/wp\/v2\/types\/page"}],"author":[{"embeddable":true,"href":"https:\/\/barnatango.com\/ca\/wp-json\/wp\/v2\/users\/5"}],"replies":[{"embeddable":true,"href":"https:\/\/barnatango.com\/ca\/wp-json\/wp\/v2\/comments?post=3955"}],"version-history":[{"count":0,"href":"https:\/\/barnatango.com\/ca\/wp-json\/wp\/v2\/pages\/3955\/revisions"}],"wp:featuredmedia":[{"embeddable":true,"href":"https:\/\/barnatango.com\/ca\/wp-json\/wp\/v2\/media\/3815"}],"wp:attachment":[{"href":"https:\/\/barnatango.com\/ca\/wp-json\/wp\/v2\/media?parent=3955"}],"curies":[{"name":"wp","href":"https:\/\/api.w.org\/{rel}","templated":true}]}}