{"id":5171,"date":"2021-07-05T18:58:08","date_gmt":"2021-07-05T16:58:08","guid":{"rendered":"https:\/\/barnatango.com\/?page_id=5171"},"modified":"2022-02-09T12:42:07","modified_gmt":"2022-02-09T11:42:07","slug":"contacto","status":"publish","type":"page","link":"https:\/\/barnatango.com\/ca\/contacto\/","title":{"rendered":"contacte"},"content":{"rendered":"<div class=\"vc_row wpb_row vc_row-fluid\"><div class=\"wpb_column vc_column_container vc_col-sm-12\"><div class=\"vc_column-inner\"><div class=\"wpb_wrapper\">\r\n\t<div class=\"wpb_text_column wpb_content_element\" >\r\n\t\t<div class=\"wpb_wrapper\">\r\n\t\t\t<h1 style=\"text-align: center;\">CONTACTE<\/h1>\n<p style=\"text-align: center;\">Aprendre tango, amb un atractiu i saludable, millora la coordinaci\u00f3 i l&#039;equilibri, fomenta les relacions, millora l&#039;humor, ajuda a mantenir una bona postura corporal, \u00e9s una vacuna contra l&#039;ansietat i l&#039;estr\u00e8s i millora les defenses. Apr\u00e8n a ballar amb nosaltres, tenim una gran experi\u00e8ncia, des de 1999 com a escola de ball a m\u00e9s d&#039;oferir molt bona formaci\u00f3 i traject\u00f2ria. Tenim unes molt bones instal\u00b7lacions i ens apassiona la nostra feina. Contacteu-nos, t&#039;atendrem r\u00e0pid, ens encantar\u00e0 fer-ho.<\/p>\n<p style=\"text-align: center;\"><strong>Adre\u00e7a \/ Barcelona:<\/strong><\/p>\n<p style=\"text-align: center;\">Carrer de la Mare de Deu dels Desemparats, 5, 2\u00aa planta, 08012 Barcelona, Espanya<\/p>\n<p style=\"text-align: center;\"><strong>tel\u00e8fon:<\/strong><\/p>\n<p style=\"text-align: center;\"><a href=\"tel:+34 635 803 375\">\u00a0+34 635 803 375<\/a><\/p>\n<p style=\"text-align: center;\"><strong>E-mail:<\/strong><\/p>\n<p style=\"text-align: center;\"><a href=\"mailto:info@barnatango.com\">info@barnatango.com<\/a><\/p>\n<h3 style=\"text-align: center;\"><a href=\"https:\/\/api.whatsapp.com\/send?phone=34635803375\">Envia&#039;ns un Missatge WhatsApp per reservar el seu classe de tango<\/a><\/h3>\n\r\n\t\t<\/div>\r\n\t<\/div>\r\n<\/div><\/div><\/div><\/div><div class=\"vc_row wpb_row vc_row-fluid\"><div class=\"wpb_column vc_column_container vc_col-sm-12\"><div class=\"vc_column-inner\"><div class=\"wpb_wrapper\"><\/div><\/div><\/div><\/div><div class=\"vc_row wpb_row vc_row-fluid vc_row-o-content-middle vc_row-flex\"><div class=\"wpb_column vc_column_container vc_col-sm-2\"><div class=\"vc_column-inner\"><div class=\"wpb_wrapper\"><\/div><\/div><\/div><div class=\"wpb_column vc_column_container vc_col-sm-8\"><div class=\"vc_column-inner\"><div class=\"wpb_wrapper\">\r\n\t<div class=\"wpb_raw_code wpb_content_element wpb_raw_html\" >\r\n\t\t<div class=\"wpb_wrapper\">\r\n\t\t\t<iframe src=\"https:\/\/www.google.com\/maps\/embed?pb=!1m14!1m8!1m3!1d11970.971505866373!2d2.159414!3d41.40139!3m2!1i1024!2i768!4f13.1!3m3!1m2!1s0x0%3A0x11021122d26a8d0f!2sClases%20de%20tango%20en%20Barcelona%20El%20Desbande!5e0!3m2!1ses!2ses!4v1627042895046!5m2!1ses!2ses\" width=\"600\" height=\"450\" style=\"border:0;\" allowfullscreen=\"\" loading=\"lazy\"><\/iframe>\r\n\t\t<\/div>\r\n\t<\/div>\r\n<\/div><\/div><\/div><div class=\"wpb_column vc_column_container vc_col-sm-2\"><div class=\"vc_column-inner\"><div class=\"wpb_wrapper\"><\/div><\/div><\/div><\/div>","protected":false},"excerpt":{"rendered":"CONTACTO Aprender tango, es divertido y saludable, mejora la coordinaci\u00f3n y el equilibrio, fomenta las relaciones, mejora el humor, ayuda a mantener una buena postura corporal, es una vacuna contra la ansiedad y el estr\u00e9s y mejora las defensas. Aprende a bailar con nosotros, tenemos una gran experiencia, desde 1999 como escuela de baile adem\u00e1s ... <a title=\"contacte\" class=\"read-more\" href=\"https:\/\/barnatango.com\/ca\/contacto\/\" aria-label=\"M\u00e9s sobre Contacto\">Llegiu m\u00e9s<\/a>","protected":false},"author":3,"featured_media":4080,"parent":0,"menu_order":0,"comment_status":"closed","ping_status":"closed","template":"","meta":{"_editorskit_title_hidden":false,"_editorskit_reading_time":0,"_editorskit_is_block_options_detached":false,"_editorskit_block_options_position":"{}","footnotes":""},"acf":[],"yoast_head":"<!-- This site is optimized with the Yoast SEO plugin v23.4 - https:\/\/yoast.com\/wordpress\/plugins\/seo\/ -->\n<title>Contacto - Barnatango.com<\/title>\n<meta name=\"robots\" content=\"index, follow, max-snippet:-1, max-image-preview:large, max-video-preview:-1\" \/>\n<link rel=\"canonical\" href=\"https:\/\/barnatango.com\/ca\/contacto\/\" \/>\n<meta property=\"og:locale\" content=\"ca_ES\" \/>\n<meta property=\"og:type\" content=\"article\" \/>\n<meta property=\"og:title\" content=\"Contacto - Barnatango.com\" \/>\n<meta property=\"og:url\" content=\"https:\/\/barnatango.com\/ca\/contacto\/\" \/>\n<meta property=\"og:site_name\" content=\"Barnatango.com\" \/>\n<meta property=\"article:publisher\" content=\"https:\/\/es-es.facebook.com\/escuela.tango.el.desbande\/\" \/>\n<meta property=\"article:modified_time\" content=\"2022-02-09T11:42:07+00:00\" \/>\n<meta property=\"og:image\" content=\"https:\/\/barnatango.com\/wp-content\/uploads\/2020\/09\/revslider_1.jpg\" \/>\n\t<meta property=\"og:image:width\" content=\"1920\" \/>\n\t<meta property=\"og:image:height\" content=\"953\" \/>\n\t<meta property=\"og:image:type\" content=\"image\/jpeg\" \/>\n<meta name=\"twitter:card\" content=\"summary_large_image\" \/>\n<meta name=\"twitter:label1\" content=\"Temps estimat de lectura\" \/>\n\t<meta name=\"twitter:data1\" content=\"1 minut\" \/>\n<!-- \/ Yoast SEO plugin. -->","yoast_head_json":{"title":"Contacto - Barnatango.com","robots":{"index":"index","follow":"follow","max-snippet":"max-snippet:-1","max-image-preview":"max-image-preview:large","max-video-preview":"max-video-preview:-1"},"canonical":"https:\/\/barnatango.com\/ca\/contacto\/","og_locale":"ca_ES","og_type":"article","og_title":"Contacto - Barnatango.com","og_url":"https:\/\/barnatango.com\/ca\/contacto\/","og_site_name":"Barnatango.com","article_publisher":"https:\/\/es-es.facebook.com\/escuela.tango.el.desbande\/","article_modified_time":"2022-02-09T11:42:07+00:00","og_image":[{"width":1920,"height":953,"url":"https:\/\/barnatango.com\/wp-content\/uploads\/2020\/09\/revslider_1.jpg","type":"image\/jpeg"}],"twitter_card":"summary_large_image","twitter_misc":{"Temps estimat de lectura":"1 minut"},"schema":{"@context":"https:\/\/schema.org","@graph":[{"@type":"WebPage","@id":"https:\/\/barnatango.com\/contacto\/","url":"https:\/\/barnatango.com\/contacto\/","name":"Contacto - Barnatango.com","isPartOf":{"@id":"https:\/\/barnatango.com\/#website"},"primaryImageOfPage":{"@id":"https:\/\/barnatango.com\/contacto\/#primaryimage"},"image":{"@id":"https:\/\/barnatango.com\/contacto\/#primaryimage"},"thumbnailUrl":"https:\/\/barnatango.com\/wp-content\/uploads\/2020\/09\/revslider_1.jpg","datePublished":"2021-07-05T16:58:08+00:00","dateModified":"2022-02-09T11:42:07+00:00","breadcrumb":{"@id":"https:\/\/barnatango.com\/contacto\/#breadcrumb"},"inLanguage":"ca","potentialAction":[{"@type":"ReadAction","target":["https:\/\/barnatango.com\/contacto\/"]}]},{"@type":"ImageObject","inLanguage":"ca","@id":"https:\/\/barnatango.com\/contacto\/#primaryimage","url":"https:\/\/barnatango.com\/wp-content\/uploads\/2020\/09\/revslider_1.jpg","contentUrl":"https:\/\/barnatango.com\/wp-content\/uploads\/2020\/09\/revslider_1.jpg","width":1920,"height":953,"caption":"El Desbande Online"},{"@type":"BreadcrumbList","@id":"https:\/\/barnatango.com\/contacto\/#breadcrumb","itemListElement":[{"@type":"ListItem","position":1,"name":"Inicio","item":"https:\/\/barnatango.com\/"},{"@type":"ListItem","position":2,"name":"Contacto"}]},{"@type":"WebSite","@id":"https:\/\/barnatango.com\/#website","url":"https:\/\/barnatango.com\/","name":"Barnatango.com","description":"Classes de Tango a Barcelona","publisher":{"@id":"https:\/\/barnatango.com\/#organization"},"potentialAction":[{"@type":"SearchAction","target":{"@type":"EntryPoint","urlTemplate":"https:\/\/barnatango.com\/?s={search_term_string}"},"query-input":{"@type":"PropertyValueSpecification","valueRequired":true,"valueName":"search_term_string"}}],"inLanguage":"ca"},{"@type":"Organization","@id":"https:\/\/barnatango.com\/#organization","name":"El Desbande Escuela de Tango","url":"https:\/\/barnatango.com\/","logo":{"@type":"ImageObject","inLanguage":"ca","@id":"https:\/\/barnatango.com\/#\/schema\/logo\/image\/","url":"https:\/\/barnatango.com\/wp-content\/uploads\/2020\/04\/eldesbande_vred.png","contentUrl":"https:\/\/barnatango.com\/wp-content\/uploads\/2020\/04\/eldesbande_vred.png","width":156,"height":149,"caption":"El Desbande Escuela de Tango"},"image":{"@id":"https:\/\/barnatango.com\/#\/schema\/logo\/image\/"},"sameAs":["https:\/\/es-es.facebook.com\/escuela.tango.el.desbande\/","https:\/\/www.instagram.com\/tangodesbande\/?hl=es","https:\/\/www.youtube.com\/watch?v=DqMQpDEmSVs&amp;amp;amp;amp;t=7s"]}]}},"_links":{"self":[{"href":"https:\/\/barnatango.com\/ca\/wp-json\/wp\/v2\/pages\/5171"}],"collection":[{"href":"https:\/\/barnatango.com\/ca\/wp-json\/wp\/v2\/pages"}],"about":[{"href":"https:\/\/barnatango.com\/ca\/wp-json\/wp\/v2\/types\/page"}],"author":[{"embeddable":true,"href":"https:\/\/barnatango.com\/ca\/wp-json\/wp\/v2\/users\/3"}],"replies":[{"embeddable":true,"href":"https:\/\/barnatango.com\/ca\/wp-json\/wp\/v2\/comments?post=5171"}],"version-history":[{"count":0,"href":"https:\/\/barnatango.com\/ca\/wp-json\/wp\/v2\/pages\/5171\/revisions"}],"wp:featuredmedia":[{"embeddable":true,"href":"https:\/\/barnatango.com\/ca\/wp-json\/wp\/v2\/media\/4080"}],"wp:attachment":[{"href":"https:\/\/barnatango.com\/ca\/wp-json\/wp\/v2\/media?parent=5171"}],"curies":[{"name":"wp","href":"https:\/\/api.w.org\/{rel}","templated":true}]}}