{"id":3909,"date":"2020-06-02T19:57:14","date_gmt":"2020-06-02T17:57:14","guid":{"rendered":"https:\/\/barnatango.com\/?page_id=3909"},"modified":"2020-07-17T17:08:55","modified_gmt":"2020-07-17T15:08:55","slug":"politica-de-cookies","status":"publish","type":"page","link":"https:\/\/barnatango.com\/en\/politica-de-cookies\/","title":{"rendered":"Cookies policy"},"content":{"rendered":"<div class=\"vc_row wpb_row vc_row-fluid\"><div class=\"wpb_column vc_column_container vc_col-sm-12\"><div class=\"vc_column-inner\"><div class=\"wpb_wrapper\">\r\n\t<div class=\"wpb_text_column wpb_content_element\" >\r\n\t\t<div class=\"wpb_wrapper\">\r\n\t\t\t<h3 class=\"p1\"><span class=\"s1\">Cookies policy \/<\/span><\/h3>\n<div id=\"gtx-trans\" style=\"position: absolute; left: 88px; top: -6.28125px;\">\n<div class=\"gtx-trans-icon\"><\/div>\n<\/div>\n\r\n\t\t<\/div>\r\n\t<\/div>\r\n<div class=\"vc_empty_space\"   style=\"height: 32px\"><span class=\"vc_empty_space_inner\"><\/span><\/div>\r\n\t<div class=\"wpb_text_column wpb_content_element\" >\r\n\t\t<div class=\"wpb_wrapper\">\r\n\t\t\t<p>Our Cookies Policy is intended to inform you clearly and completely about the operation and purpose of the cookies used on the website.\u00a0<a href=\"https:\/\/barnatango.com\/en\/\">www.barnatango.com<\/a> (hereinafter, the Platform). In case you want to collect more information about cookies, you can send an email to\u00a0<a href=\"mailto:contacto@barnatango.com\">contact@barnatango.com<\/a>.<\/p>\n\r\n\t\t<\/div>\r\n\t<\/div>\r\n<div class=\"vc_empty_space\"   style=\"height: 32px\"><span class=\"vc_empty_space_inner\"><\/span><\/div>\r\n\t<div class=\"wpb_text_column wpb_content_element\" >\r\n\t\t<div class=\"wpb_wrapper\">\r\n\t\t\t<h3 class=\"p1\"><span class=\"s1\">cookies\u00a0<\/span><\/h3>\n<div id=\"gtx-trans\" style=\"position: absolute; left: 31px; top: 43.7188px;\">\n<div class=\"gtx-trans-icon\"><\/div>\n<\/div>\n\r\n\t\t<\/div>\r\n\t<\/div>\r\n<div class=\"vc_empty_space\"   style=\"height: 32px\"><span class=\"vc_empty_space_inner\"><\/span><\/div>\r\n\t<div class=\"wpb_text_column wpb_content_element\" >\r\n\t\t<div class=\"wpb_wrapper\">\r\n\t\t\t<p>Una cookie es un archivo que se descarga en tu equipo terminal\/dispositivo (ordenador o equipo m\u00f3vil) con la finalidad de almacenar datos que podr\u00e1n ser actualizados y recuperados por la entidad responsable de su instalaci\u00f3n. Nuestra Plataforma utiliza \u00abcookies\u00bb con la finalidad de poder recabar informaci\u00f3n acerca de su funcionamiento y uso de los usuarios.<\/p>\n<p>We do not store sensitive personally identifiable information such as your address, password, your credit or debit card details, etc. in the cookies we use.<\/p>\n\r\n\t\t<\/div>\r\n\t<\/div>\r\n<div class=\"vc_empty_space\"   style=\"height: 32px\"><span class=\"vc_empty_space_inner\"><\/span><\/div>\r\n\t<div class=\"wpb_text_column wpb_content_element\" >\r\n\t\t<div class=\"wpb_wrapper\">\r\n\t\t\t<h3 class=\"p1\"><span class=\"s1\">Purpose\u00a0<\/span><\/h3>\n<div id=\"gtx-trans\" style=\"position: absolute; left: 52px; top: -6.28125px;\">\n<div class=\"gtx-trans-icon\"><\/div>\n<\/div>\n\r\n\t\t<\/div>\r\n\t<\/div>\r\n<div class=\"vc_empty_space\"   style=\"height: 32px\"><span class=\"vc_empty_space_inner\"><\/span><\/div>\r\n\t<div class=\"wpb_text_column wpb_content_element\" >\r\n\t\t<div class=\"wpb_wrapper\">\r\n\t\t\t<p>Cookies can collect information about your visits to our Platform, the frequency and duration of these, the pages viewed and the time you have been on our Platform. We inform you that we can use cookies in order to:<\/p>\n<ul>\n<li>identify problems to improve our Platform<\/li>\n<li>facilitate your navigation on our Platform<\/li>\n<li>provide you with a better experience in its use<\/li>\n<li>distinguish yourself from other users<\/li>\n<\/ul>\n<p>We also request your consent to use cookies that allow us to obtain more information about your preferences and customize our Platform to suit your interests.<\/p>\n\r\n\t\t<\/div>\r\n\t<\/div>\r\n<div class=\"vc_empty_space\"   style=\"height: 32px\"><span class=\"vc_empty_space_inner\"><\/span><\/div>\r\n\t<div class=\"wpb_text_column wpb_content_element\" >\r\n\t\t<div class=\"wpb_wrapper\">\r\n\t\t\t<h3 class=\"p1\"><span class=\"s1\">Cookies class\u00a0<\/span><\/h3>\n<div id=\"gtx-trans\" style=\"position: absolute; left: 65px; top: -6.28125px;\">\n<div class=\"gtx-trans-icon\"><\/div>\n<\/div>\n\r\n\t\t<\/div>\r\n\t<\/div>\r\n<div class=\"vc_empty_space\"   style=\"height: 32px\"><span class=\"vc_empty_space_inner\"><\/span><\/div>\r\n\t<div class=\"wpb_text_column wpb_content_element\" >\r\n\t\t<div class=\"wpb_wrapper\">\r\n\t\t\t<p>Our Platform uses its own and third-party cookies for different purposes, specifically:<\/p>\n<p>&nbsp;<\/p>\n<p><strong>Own cookies<\/strong><\/p>\n<p>They are sent to your computer and managed exclusively by us for the best functioning of the Platform. These cookies remain in your browser and allow us to identify you as a recurring user of the Platform, control the user session, remember the cookie settings, recognize you as a user in case of identification procedures and customize your content to offer you content appropriate to your preferences (personalization cookies).<\/p>\n<p>&nbsp;<\/p>\n<p><strong>Third party cookies<\/strong><\/p>\n<p>Third-party cookies are those established by a different domain on our Platform. We use two types of third-party cookies on our Platform:<\/p>\n<p>&nbsp;<\/p>\n<ul>\n<li>Technical Cookies: They allow you to navigate through the Platform and use the services available on it, such as, for example, controlling data communication, making a purchase, storing content, customizing the language and currency, format check tests, share content through social networks according to user interests, speed up page loading, etc., such as Custora, Olark, Facebook, CloudFlare, Visual Website Optimizer.<\/li>\n<li>Analytical Cookies: We use Google Analytics, a Google web analysis tool that allows us to inform ourselves about how users of our Platform interact. Likewise, it enables cookies to know from which page the user has accessed and uses them to collect information anonymously and prepare trend reports on the Platform without identifying individual users. You can consult more information about Google Analytics cookies and their operation on the website of:\u00a0<a href=\"https:\/\/developers.google.com\/analytics\/devguides\/collection\/analyticsjs\/cookie-usage?hl=es\" target=\"blank\" rel=\"noopener noreferrer\">developers.google.com\/analytics\/devguides\/collection\/analyticsjs\/cookie-usage<\/a><\/li>\n<\/ul>\n\r\n\t\t<\/div>\r\n\t<\/div>\r\n<div class=\"vc_empty_space\"   style=\"height: 32px\"><span class=\"vc_empty_space_inner\"><\/span><\/div>\r\n\t<div class=\"wpb_text_column wpb_content_element\" >\r\n\t\t<div class=\"wpb_wrapper\">\r\n\t\t\t<h3 class=\"p1\"><span class=\"s1\">Consent<\/span><\/h3>\n<div id=\"gtx-trans\" style=\"position: absolute; left: 96px; top: 43.7188px;\">\n<div class=\"gtx-trans-icon\"><\/div>\n<\/div>\n\r\n\t\t<\/div>\r\n\t<\/div>\r\n<div class=\"vc_empty_space\"   style=\"height: 32px\"><span class=\"vc_empty_space_inner\"><\/span><\/div>\r\n\t<div class=\"wpb_text_column wpb_content_element\" >\r\n\t\t<div class=\"wpb_wrapper\">\r\n\t\t\t<p>By browsing and continuing on our Platform, you will be consenting to the use of the aforementioned cookies in the conditions contained in this Cookies Policy.<\/p>\n<p>We inform you that since cookies are not necessary for the use of our Platform, you can block or disable them through your browser settings. If you block or disable them, you will be able to continue using our Platform, although the use of some of its services may be limited and therefore your experience on our Platform less satisfactory.<\/p>\n<p>If you wish to revoke your informed consent regarding our cookies policy, you must delete them on your device through the configuration of your internet browsers. These are the links of the different browsers that report on cookies:<\/p>\n\r\n\t\t<\/div>\r\n\t<\/div>\r\n<div class=\"vc_empty_space\"   style=\"height: 32px\"><span class=\"vc_empty_space_inner\"><\/span><\/div>\r\n\t<div class=\"wpb_text_column wpb_content_element\" >\r\n\t\t<div class=\"wpb_wrapper\">\r\n\t\t\t<p>Firefox:\u00a0<a href=\"https:\/\/www.mozilla.org\/es-ES\/privacy\/websites\/\" target=\"blank\" rel=\"noopener noreferrer\">https:\/\/www.mozilla.org\/es-ES\/privacy\/websites\/<\/a><\/p>\n<p>Chrome:\u00a0<a href=\"http:\/\/support.google.com\/chrome\/bin\/answer.py?hl=es&amp;answer=95647\" target=\"blank\" rel=\"noopener noreferrer\">http:\/\/support.google.com\/chrome\/bin\/answer.py?hl=es&amp;answer=95647<\/a><\/p>\n<p>Explorer:\u00a0<a href=\"http:\/\/windows.microsoft.com\/es-es\/windows7\/how-to-manage-cookies-in-internet-explorer-9\" target=\"blank\" rel=\"noopener noreferrer\">http:\/\/windows.microsoft.com\/es-es\/windows7\/how-to-manage-cookies-in-internet-explorer-9<\/a><\/p>\n<p>Safari:\u00a0<a href=\"http:\/\/support.apple.com\/kb\/ph5042\" target=\"blank\" rel=\"noopener noreferrer\">http:\/\/support.apple.com\/kb\/ph5042<\/a><\/p>\n<p>Opera:\u00a0<a href=\"http:\/\/help.opera.com\/Windows\/11.50\/es-ES\/cookies.html\" target=\"blank\" rel=\"noopener noreferrer\">http:\/\/help.opera.com\/Windows\/11.50\/es-ES\/cookies.html<\/a><\/p>\n\r\n\t\t<\/div>\r\n\t<\/div>\r\n<div class=\"vc_empty_space\"   style=\"height: 32px\"><span class=\"vc_empty_space_inner\"><\/span><\/div>\r\n\t<div class=\"wpb_text_column wpb_content_element\" >\r\n\t\t<div class=\"wpb_wrapper\">\r\n\t\t\t<p>We recommend that you review this policy each time you access our Platform in order to be adequately informed about possible changes.<\/p>\n\r\n\t\t<\/div>\r\n\t<\/div>\r\n<div class=\"vc_empty_space\"   style=\"height: 32px\"><span class=\"vc_empty_space_inner\"><\/span><\/div><\/div><\/div><\/div><\/div>","protected":false},"excerpt":{"rendered":"Pol\u00edtica de Cookies \/ Nuestra Pol\u00edtica de Cookies tiene por finalidad informarte de forma clara y completa sobre el funcionamiento y la finalidad de las cookies que se utilizan en la p\u00e1gina web\u00a0www.barnatango.com (en adelante, la Plataforma). En caso de que quieras recabar m\u00e1s informaci\u00f3n sobre las cookies, puedes remitir ... <a title=\"Cookies policy\" class=\"read-more\" href=\"https:\/\/barnatango.com\/en\/politica-de-cookies\/\" aria-label=\"More on Cookie Policy\">Read more<\/a>","protected":false},"author":5,"featured_media":0,"parent":0,"menu_order":0,"comment_status":"closed","ping_status":"closed","template":"","meta":{"_editorskit_title_hidden":false,"_editorskit_reading_time":0,"_editorskit_is_block_options_detached":false,"_editorskit_block_options_position":"{}","footnotes":""},"acf":[],"yoast_head":"<!-- This site is optimized with the Yoast SEO plugin v23.4 - https:\/\/yoast.com\/wordpress\/plugins\/seo\/ -->\n<title>Pol\u00edtica de Cookies - Barnatango.com<\/title>\n<meta name=\"robots\" content=\"index, follow, max-snippet:-1, max-image-preview:large, max-video-preview:-1\" \/>\n<link rel=\"canonical\" href=\"https:\/\/barnatango.com\/en\/politica-de-cookies\/\" \/>\n<meta property=\"og:locale\" content=\"en_US\" \/>\n<meta property=\"og:type\" content=\"article\" \/>\n<meta property=\"og:title\" content=\"Pol\u00edtica de Cookies - Barnatango.com\" \/>\n<meta property=\"og:url\" content=\"https:\/\/barnatango.com\/en\/politica-de-cookies\/\" \/>\n<meta property=\"og:site_name\" content=\"Barnatango.com\" \/>\n<meta property=\"article:publisher\" content=\"https:\/\/es-es.facebook.com\/escuela.tango.el.desbande\/\" \/>\n<meta property=\"article:modified_time\" content=\"2020-07-17T15:08:55+00:00\" \/>\n<meta name=\"twitter:card\" content=\"summary_large_image\" \/>\n<meta name=\"twitter:label1\" content=\"Est. reading time\" \/>\n\t<meta name=\"twitter:data1\" content=\"5 minutes\" \/>\n<!-- \/ Yoast SEO plugin. -->","yoast_head_json":{"title":"Pol\u00edtica de Cookies - Barnatango.com","robots":{"index":"index","follow":"follow","max-snippet":"max-snippet:-1","max-image-preview":"max-image-preview:large","max-video-preview":"max-video-preview:-1"},"canonical":"https:\/\/barnatango.com\/en\/politica-de-cookies\/","og_locale":"en_US","og_type":"article","og_title":"Pol\u00edtica de Cookies - Barnatango.com","og_url":"https:\/\/barnatango.com\/en\/politica-de-cookies\/","og_site_name":"Barnatango.com","article_publisher":"https:\/\/es-es.facebook.com\/escuela.tango.el.desbande\/","article_modified_time":"2020-07-17T15:08:55+00:00","twitter_card":"summary_large_image","twitter_misc":{"Est. reading time":"5 minutes"},"schema":{"@context":"https:\/\/schema.org","@graph":[{"@type":"WebPage","@id":"https:\/\/barnatango.com\/politica-de-cookies\/","url":"https:\/\/barnatango.com\/politica-de-cookies\/","name":"Pol\u00edtica de Cookies - Barnatango.com","isPartOf":{"@id":"https:\/\/barnatango.com\/#website"},"datePublished":"2020-06-02T17:57:14+00:00","dateModified":"2020-07-17T15:08:55+00:00","breadcrumb":{"@id":"https:\/\/barnatango.com\/politica-de-cookies\/#breadcrumb"},"inLanguage":"en-US","potentialAction":[{"@type":"ReadAction","target":["https:\/\/barnatango.com\/politica-de-cookies\/"]}]},{"@type":"BreadcrumbList","@id":"https:\/\/barnatango.com\/politica-de-cookies\/#breadcrumb","itemListElement":[{"@type":"ListItem","position":1,"name":"Inicio","item":"https:\/\/barnatango.com\/"},{"@type":"ListItem","position":2,"name":"Pol\u00edtica de Cookies"}]},{"@type":"WebSite","@id":"https:\/\/barnatango.com\/#website","url":"https:\/\/barnatango.com\/","name":"Barnatango.com","description":"Tango classes in Barcelona","publisher":{"@id":"https:\/\/barnatango.com\/#organization"},"potentialAction":[{"@type":"SearchAction","target":{"@type":"EntryPoint","urlTemplate":"https:\/\/barnatango.com\/?s={search_term_string}"},"query-input":{"@type":"PropertyValueSpecification","valueRequired":true,"valueName":"search_term_string"}}],"inLanguage":"en-US"},{"@type":"Organization","@id":"https:\/\/barnatango.com\/#organization","name":"El Desbande Escuela de Tango","url":"https:\/\/barnatango.com\/","logo":{"@type":"ImageObject","inLanguage":"en-US","@id":"https:\/\/barnatango.com\/#\/schema\/logo\/image\/","url":"https:\/\/barnatango.com\/wp-content\/uploads\/2020\/04\/eldesbande_vred.png","contentUrl":"https:\/\/barnatango.com\/wp-content\/uploads\/2020\/04\/eldesbande_vred.png","width":156,"height":149,"caption":"El Desbande Escuela de Tango"},"image":{"@id":"https:\/\/barnatango.com\/#\/schema\/logo\/image\/"},"sameAs":["https:\/\/es-es.facebook.com\/escuela.tango.el.desbande\/","https:\/\/www.instagram.com\/tangodesbande\/?hl=es","https:\/\/www.youtube.com\/watch?v=DqMQpDEmSVs&amp;amp;amp;amp;t=7s"]}]}},"_links":{"self":[{"href":"https:\/\/barnatango.com\/en\/wp-json\/wp\/v2\/pages\/3909"}],"collection":[{"href":"https:\/\/barnatango.com\/en\/wp-json\/wp\/v2\/pages"}],"about":[{"href":"https:\/\/barnatango.com\/en\/wp-json\/wp\/v2\/types\/page"}],"author":[{"embeddable":true,"href":"https:\/\/barnatango.com\/en\/wp-json\/wp\/v2\/users\/5"}],"replies":[{"embeddable":true,"href":"https:\/\/barnatango.com\/en\/wp-json\/wp\/v2\/comments?post=3909"}],"version-history":[{"count":0,"href":"https:\/\/barnatango.com\/en\/wp-json\/wp\/v2\/pages\/3909\/revisions"}],"wp:attachment":[{"href":"https:\/\/barnatango.com\/en\/wp-json\/wp\/v2\/media?parent=3909"}],"curies":[{"name":"wp","href":"https:\/\/api.w.org\/{rel}","templated":true}]}}